{"id":28076,"date":"2025-11-21T14:08:31","date_gmt":"2025-11-21T14:08:31","guid":{"rendered":"https:\/\/megamartspot.shop\/?product=carhartt-womens-hoodie"},"modified":"2025-11-21T14:08:31","modified_gmt":"2025-11-21T14:08:31","slug":"carhartt-womens-hoodie","status":"publish","type":"product","link":"https:\/\/megamartspot.shop\/?product=carhartt-womens-hoodie","title":{"rendered":"Carhartt womens Hoodie"},"content":{"rendered":"<p><br \/>\nPrice: <span style=\"color:#b12704\">$59.99<\/span><br \/><i><small>(as of Nov 21, 2025 14:08:31 UTC &#8211; <span class=\"wp_automatic_amazon_disclaimer\" title=\"Product prices and availability are accurate as of the date\/time indicated and are subject to change. Any price and availability information displayed on [relevant Amazon Site(s), as applicable] at the time of purchase will apply to the purchase of this product.\">Details<\/span>)<\/small><\/i><\/p>\n<p><a href=\"https:\/\/amazon.com\/dp\/B01N7WF4QR?tag=nicolas0f56-20\"><img decoding=\"async\" src=\"https:\/\/valvepress.s3.amazonaws.com\/imgs\/buy_now.png\"><\/a><br \/>\n<br \/>\n    <span>Nicht alle Hoodies sind gleich. Jobsite oder Wochenende, dieser schwere Carhartt Hoodie f\u00fcr Damen ist f\u00fcr robuste W\u00e4rme gebaut. Die dicke Baumwollmischung ist innen weich und gem\u00fctlich. Seine entspannte Passform erm\u00f6glicht Schichtung und einfache Bewegung. 10. 142 g, 73 % Baumwolle, 27 % Polyester. Relaxed Fit Angen\u00e4hte dreiteilige Kapuze mit Kordelzug, Rippstrickb\u00fcndchen und Taille helfen, die K\u00e4lte drau\u00dfen zu halten. K\u00e4ngurutasche vorne Carhartt Signatur-Logo auf dem \u00c4rmel; Carhartt &#8216;C&#8217; Grafik auf der Vorderseite. Importiert.<\/p>\n<p>\u05dc\u05d0 \u05db\u05dc \u05d4\u05e7\u05e4\u05d5\u05e6&#8217;\u05d5\u05e0\u05d9\u05dd \u05e0\u05d5\u05e6\u05e8\u05d5 \u05e9\u05d5\u05d5\u05d9\u05dd. \u05d0\u05ea\u05e8 \u05e2\u05d1\u05d5\u05d3\u05d4 \u05d0\u05d5 \u05e1\u05d5\u05e3 \u05e9\u05d1\u05d5\u05e2, \u05e7\u05e4\u05d5\u05e6&#8217;\u05d5\u05df Carhartt \u05db\u05d1\u05d3 \u05d6\u05d4 \u05dc\u05e0\u05e9\u05d9\u05dd \u05d1\u05e0\u05d5\u05d9 \u05dc\u05d7\u05de\u05d9\u05de\u05d5\u05ea \u05de\u05d7\u05d5\u05e1\u05e4\u05e1\u05ea. \u05ea\u05e2\u05e8\u05d5\u05d1\u05ea \u05d4\u05db\u05d5\u05ea\u05e0\u05d4 \u05d4\u05e2\u05d1\u05d4 \u05e8\u05db\u05d4 \u05d5\u05e0\u05e2\u05d9\u05de\u05d4 \u05de\u05d1\u05e4\u05e0\u05d9\u05dd. \u05d4\u05d2\u05d6\u05e8\u05d4 \u05d4\u05e8\u05d2\u05d5\u05e2\u05d4 \u05de\u05d0\u05e4\u05e9\u05e8\u05ea \u05e9\u05db\u05d1\u05d5\u05ea \u05d5\u05ea\u05e0\u05d5\u05e2\u05d4 \u05e7\u05dc\u05d4. 10. 141.7 \u05d2\u05e8\u05dd, 73% \u05db\u05d5\u05ea\u05e0\u05d4 \/ 27% \u05e4\u05d5\u05dc\u05d9\u05d0\u05e1\u05d8\u05e8. \u05d2\u05d6\u05e8\u05d4 \u05e8\u05e4\u05d5\u05d9\u05d4. \u05e7\u05e4\u05d5\u05e6&#8217;\u05d5\u05df \u05e9\u05dc\u05d5\u05e9\u05d4 \u05d7\u05dc\u05e7\u05d9\u05dd \u05de\u05d7\u05d5\u05d1\u05e8 \u05e2\u05dd \u05e9\u05e8\u05d5\u05da # \u05d7\u05e4\u05ea\u05d9\u05dd \u05e1\u05e8\u05d5\u05d2\u05d9\u05dd \u05de\u05e6\u05d5\u05dc\u05e2\u05d9\u05dd \u05d5\u05de\u05d5\u05ea\u05e0\u05d9\u05d9\u05dd \u05e2\u05d5\u05d6\u05e8\u05d9\u05dd \u05dc\u05de\u05e0\u05d5\u05e2 \u05d0\u05ea \u05d4\u05e7\u05d5\u05e8. \u05db\u05d9\u05e1 \u05e4\u05d0\u05d5\u05e5&#8217; \u05e7\u05d3\u05de\u05d9. \u05dc\u05d5\u05d2\u05d5 \u05d7\u05ea\u05d9\u05de\u05d4 Carhartt \u05de\u05d5\u05d3\u05e4\u05e1 \u05e2\u05dc \u05d4\u05e9\u05e8\u05d5\u05d5\u05dc; \u05d2\u05e8\u05e4\u05d9\u05e7\u05ea Carhartt &#8216;C&#8217; \u05d1\u05d7\u05d6\u05d9\u05ea. \u05de\u05d9\u05d5\u05d1\u05d0<\/p>\n<p>\u0644\u0627 \u064a\u062a\u0645 \u0625\u0646\u0634\u0627\u0621 \u0643\u0644 \u0627\u0644\u0633\u062a\u0631\u0627\u062a \u0630\u0627\u062a \u0627\u0644\u0642\u0644\u0646\u0633\u0648\u0629 \u0645\u062a\u0633\u0627\u0648\u064a\u0629. \u0645\u0648\u0642\u0639 \u0627\u0644\u0639\u0645\u0644 \u0623\u0648 \u0639\u0637\u0644\u0629 \u0646\u0647\u0627\u064a\u0629 \u0627\u0644\u0623\u0633\u0628\u0648\u0639\u060c \u062a\u0645 \u062a\u0635\u0645\u064a\u0645 \u0647\u0630\u0647 \u0627\u0644\u0633\u062a\u0631\u0629 \u0630\u0627\u062a \u0627\u0644\u0642\u0644\u0646\u0633\u0648\u0629 Carhartt \u062b\u0642\u064a\u0644\u0629 \u0627\u0644\u0648\u0632\u0646 \u0645\u0646 \u0623\u062c\u0644 \u0627\u0644\u062f\u0641\u0621 \u0627\u0644\u0634\u062f\u064a\u062f. \u0645\u0632\u064a\u062c \u0627\u0644\u0642\u0637\u0646 \u0627\u0644\u0633\u0645\u064a\u0643 \u0646\u0627\u0639\u0645 \u0648\u0645\u0631\u064a\u062d \u0645\u0646 \u0627\u0644\u062f\u0627\u062e\u0644. \u064a\u062a\u064a\u062d \u0645\u0644\u0627\u0621\u0645\u062a\u0647 \u0627\u0644\u0645\u0631\u064a\u062d \u0627\u0631\u062a\u062f\u0627\u0621 \u0637\u0628\u0642\u0627\u062a \u0648\u0633\u0647\u0648\u0644\u0629 \u0627\u0644\u062d\u0631\u0643\u0629. 10. 5 \u0623\u0648\u0646\u0635\u0629\u060c 73% \u0642\u0637\u0646 \/ 27% \u0628\u0648\u0644\u064a\u0633\u062a\u0631. \u0645\u0642\u0627\u0633 \u0645\u0631\u064a\u062d. \u0645\u0631\u0641\u0642 \u063a\u0637\u0627\u0621 \u0631\u0623\u0633 \u0645\u0646 \u062b\u0644\u0627\u062b \u0642\u0637\u0639 \u0645\u0639 \u0631\u0628\u0627\u0637 \u0633\u062d\u0628 # \u0623\u0637\u0631\u0627\u0641 \u0623\u0643\u0645\u0627\u0645 \u0645\u062d\u0627\u0643\u0629 \u0645\u0636\u0644\u0639\u0629 \u0648\u062e\u0635\u0631 \u0644\u0644\u0645\u0633\u0627\u0639\u062f\u0629 \u0639\u0644\u0649 \u0645\u0646\u0639 \u0627\u0644\u0628\u0631\u062f. \u062c\u064a\u0628 \u0623\u0645\u0627\u0645\u064a \u0644\u0644\u062d\u0642\u064a\u0628\u0629. \u0634\u0639\u0627\u0631 Carhartt \u0645\u0637\u0628\u0648\u0639 \u0639\u0644\u0649 \u0627\u0644\u0643\u0645\u061b Carhartt &#8216;C&#8217; \u0639\u0644\u0649 \u0627\u0644\u0645\u0642\u062f\u0645\u0629. \u0645\u0633\u062a\u0648\u0631\u062f<\/p>\n<p>Nem todos os moletons com capuz s\u00e3o iguais. Local de trabalho ou fim de semana, este moletom com capuz feminino pesado Carhartt \u00e9 feito para um calor resistente. A mistura espessa de algod\u00e3o \u00e9 macia e aconchegante por dentro. Seu ajuste relaxado permite camadas e movimento f\u00e1cil. 10. 142 g, 73% algod\u00e3o \/ 27% poli\u00e9ster. Ajuste descontra\u00eddo. Capuz de tr\u00eas pe\u00e7as anexado com cord\u00e3o #Punhos e cintura canelados ajudam a manter o frio. Bolso frontal. Logotipo da assinatura Carhartt impresso na manga; gr\u00e1fico Carhartt &#8216;C&#8217; na frente. Importado<\/p>\n<p>\u4e26\u975e\u6240\u6709\u7684\u9023\u5e3d\u886b\u90fd\u662f\u5e73\u7b49\u7684\u3002 \u4e0a\u73ed\u6216\u9031\u672b,\u9019\u6b3e\u5973\u6b3e\u52a0\u539a Carhartt \u9023\u5e3d\u886b\u5c08\u70ba\u5805\u56fa\u4fdd\u6696\u800c\u8a2d\u8a08\u3002 \u539a\u5be6\u68c9\u6df7\u7d21\u5e03\u6599,\u67d4\u8edf\u8212\u9069\u3002 \u5bec\u9b06\u5408\u8eab\u8a2d\u8a08,\u5206\u5c64\u548c\u8f15\u9b06\u79fb\u52d5\u3002 10. 141.7 \u516c\u514b,73% \u68c9 \/ 27% \u805a\u916f\u7e96\u7dad\u3002 \u5bec\u9b06\u7248\u578b\u3002 \u9644\u62bd\u7e69\u7684\u4e09\u4ef6\u5f0f\u9023\u5e3d #\u7f85\u7d0b\u91dd\u7e54\u8896\u53e3\u548c\u8170\u90e8\u6709\u52a9\u65bc\u9632\u5bd2\u3002 \u524d\u888b\u53e3\u888b\u3002 \u8896\u5b50\u4e0a\u5370\u6709Carhartt \u6a19\u8a8c;\u6b63\u9762\u6709 Carhartt &#8216;C&#8217; \u5716\u6848\u3002 \u9032\u53e3<\/p>\n<p>\u5e76\u975e\u6240\u6709\u7684\u8fde\u5e3d\u886b\u90fd\u4e00\u6837\u3002 \u5de5\u4f5c\u573a\u6240\u6216\u5468\u672b,\u8fd9\u6b3e\u5973\u58eb\u52a0\u539a Carhartt \u8fde\u5e3d\u886b\u4e13\u4e3a\u575a\u56fa\u4fdd\u6696\u800c\u8bbe\u8ba1\u3002 \u539a\u5b9e\u7684\u68c9\u6df7\u7eba\u9762\u6599\u5185\u90e8\u67d4\u8f6f\u8212\u9002\u3002 \u5bbd\u677e\u7248\u578b,\u53e0\u7a7f,\u65b9\u4fbf\u8fd0\u52a8\u3002 10. 141.75 \u514b,73% \u68c9\/27% \u6da4\u7eb6\u3002 \u5bbd\u677e\u578b\u3002 \u5e26\u62c9\u7ef3\u7684\u4e09\u4ef6\u5f0f\u8fde\u5e3d #\u7f57\u7eb9\u9488\u7ec7\u8896\u53e3\u548c\u8170\u90e8\u6709\u52a9\u4e8e\u62b5\u5fa1\u5bd2\u51b7\u3002 \u524d\u7f6e\u53e3\u888b\u3002 \u8896\u5b50\u4e0a\u5370\u6709 Carhartt \u6807\u5fd7\u6027\u6807\u5fd7;\u6b63\u9762\u5370\u6709 Carhartt &#8216;C&#8217; \u56fe\u6848\u3002 \u8fdb\u53e3<\/p>\n<p>\ubaa8\ub4e0 \ud6c4\ub4dc\uac00 \ub611\uac19\uc774 \ub9cc\ub4e4\uc5b4\uc9c0\ub294 \uac83\uc740 \uc544\ub2d9\ub2c8\ub2e4. \uc791\uc5c5 \ud604\uc7a5\uc774\ub098 \uc8fc\ub9d0\uc5d0 \uc774 \uc5ec\uc131\uc6a9 \uace0\uc911\ub7c9 Carhartt \ud6c4\ub4dc\ub294 \uacac\uace0\ud55c \ub530\ub73b\ud568\uc744 \uc704\ud574 \uc81c\uc791\ub418\uc5c8\uc2b5\ub2c8\ub2e4. \ub450\uaebc\uc6b4 \uba74 \ud63c\ubc29\uc740 \ubd80\ub4dc\ub7fd\uace0 \uc544\ub291\ud569\ub2c8\ub2e4. \ud3b8\uc548\ud55c \ud54f\uc73c\ub85c \ub808\uc774\uc5b4\ub9c1\uacfc \uc26c\uc6b4 \uc6c0\uc9c1\uc784\uc774 \uac00\ub2a5\ud569\ub2c8\ub2e4. 10. 141.7g, 73% \uba74 \/ 27% \ud3f4\ub9ac\uc5d0\uc2a4\ud130. \ud3b8\uc548\ud55c \ud54f. \ub4dc\ub85c\ucf54\ub4dc #\ub9ac\ube0c \ub2c8\ud2b8 \ucee4\ud504\uc2a4\uc640 \ud5c8\ub9ac\uac00 \ubd80\ucc29\ub41c 3\ud53c\uc2a4 \ud6c4\ub4dc\ub294 \ucd94\uc704\ub97c \ub9c9\uc544\uc90d\ub2c8\ub2e4. \uc804\uba74 \ud30c\uc6b0\uce58 \ud3ec\ucf13. \uc18c\ub9e4\uc5d0 Carhartt \uc2dc\uadf8\ub2c8\ucc98 \ub85c\uace0\uac00 \uc778\uc1c4\ub418\uc5b4 \uc788\uc2b5\ub2c8\ub2e4. \uc55e\uba74\uc5d0 Carhartt &#8216;C&#8217; \uadf8\ub798\ud53d. \uc218\uc785\ud488<\/span>    <br \/> Department                                            \u200f                                            :                                            \u200e                                            womens   <br \/> Date First Available                                            \u200f                                            :                                            \u200e                                            September 20, 2022   <br \/> Manufacturer                                            \u200f                                            :                                            \u200e                                            Carhartt   <br \/> ASIN                                            \u200f                                            :                                            \u200e                                            B0BFZJ59TB   <br \/>       Best Sellers Rank:  #29,828 in Clothing, Shoes &#038; Jewelry (See Top 100 in Clothing, Shoes &#038; Jewelry)    #475 in Women&#8217;s Fashion Hoodies &#038; Sweatshirts      <br \/>  Customer Reviews:                                                                                     4.7             4.7 out of 5 stars                                    5,112 ratings                                             var dpAcrHasRegisteredArcLinkClickAction;                    P.when(&#8216;A&#8217;, &#8216;ready&#8217;).execute(function(A) {                        if (dpAcrHasRegisteredArcLinkClickAction !== true) {                            dpAcrHasRegisteredArcLinkClickAction = true;                            A.declarative(                                &#8216;acrLink-click-metrics&#8217;, &#8216;click&#8217;,                                { &#8220;allowLinkDefault&#8221;: true },                                function (event) {                                    if (window.ue) {                                        ue.count(&#8220;acrLinkClickCount&#8221;, (ue.count(&#8220;acrLinkClickCount&#8221;) || 0) + 1);                                    }                                }                            );                        }                    });                                             P.when(&#8216;A&#8217;, &#8216;cf&#8217;).execute(function(A) {                A.declarative(&#8216;acrStarsLink-click-metrics&#8217;, &#8216;click&#8217;, { &#8220;allowLinkDefault&#8221; : true },  function(event){                    if(window.ue) {                        ue.count(&#8220;acrStarsLinkWithPopoverClickCount&#8221;, (ue.count(&#8220;acrStarsLinkWithPopoverClickCount&#8221;) || 0) + 1);                    }                });            });                          <\/p>\n<div id=\"product-summary\" data-hook=\"cr-insights-widget-summary\" class=\"a-section a-spacing-none\">\n<div class=\"a-section a-spacing-small a-spacing-top-\">\n<h3 data-hook=\"cr-insights-heading-label\" class=\"a-size-base-plus a-color-base a-text-bold\">Customers say<\/h3>\n<\/div>\n<p class=\"a-spacing-small\"><span>Customers find this sweatshirt to be of high quality, with soft fleece lining and a perfect weight for cold days. The fit is roomy without being baggy, and customers appreciate its durability, noting it stands up well to washing. They like its warmth, particularly for Florida winters, and find it comfortable, with one customer mentioning it keeps them cozy while working as a nurse. The size receives mixed feedback, with some finding it great while others say it&#8217;s a bit big.<\/span><\/p>\n<p id=\"summary-disclaimer-title-container\" data-csa-c-item-id=\"ai_generated_text_banner\" data-csa-c-owner=\"CustomerReviews\" data-csa-c-slot-id=\"cr-product-insights-cards_ai-generated-text\" data-csa-c-type=\"uxElement\" data-hook=\"cr-insights-ai-generated-text\" class=\"a-size-small a-color-secondary\"><span id=\"ai-icon-left\" class=\"_Y3Itc_ai-icon-left_2U2uo\" aria-hidden=\"true\"><svg class=\"_Y3Itc_ai-branding-icon_1_-VZ\" width=\"18\" height=\"18\" viewbox=\"0 0 18 18\" fill=\"none\" xmlns=\"http:\/\/www.w3.org\/2000\/svg\" aria-hidden=\"true\"><g clip-path=\"url(#clip0_1566_10942)\"><path d=\"M0.371705 14.3508C0.224179 14.1666 0.125828 14.0066 0.0829307 13.8779C0.0274777 13.7063 0.076653 13.6132 0.132106 13.5703C0.24929 13.4782 0.42088 13.5399 0.722209 13.7795C2.90999 15.5435 5.79773 16.2132 8.49504 16.2132C10.8858 16.2132 13.1343 15.6848 14.597 14.9168C14.8428 14.7881 15.0458 14.6835 15.1808 14.8247C15.2237 14.8739 15.2488 14.9231 15.2488 14.9848C15.2488 15.1324 15.1076 15.3228 14.8376 15.5624C13.264 16.9267 10.7885 17.701 8.22615 17.701C5.29551 17.701 2.2592 16.6809 0.372751 14.3518L0.371705 14.3508Z\" fill=\"black\"><\/path><path d=\"M14.2347 14.2212C13.9585 14.2766 13.7796 14.2766 13.7189 14.1354C13.6331 13.9387 13.8905 13.7671 14.174 13.6133C14.6292 13.3737 15.1387 13.245 15.6545 13.245C16.1704 13.245 16.7971 13.3988 16.9634 13.6384C17.135 13.8906 17.0555 14.5476 16.8902 15.0153C16.7238 15.5008 16.4236 15.9308 16.0364 16.2688C15.8586 16.4351 15.6681 16.5826 15.5206 16.5826C15.4714 16.5826 15.4348 16.5638 15.3982 16.5272C15.2758 16.41 15.3365 16.2572 15.484 16.0114C15.8837 15.3721 16.2216 14.4995 16.0678 14.2724C15.9077 14.0517 14.9745 14.0632 14.2368 14.2233L14.2347 14.2212Z\" fill=\"black\"><\/path><path d=\"M4.23556 13.2133C3.89866 13.0187 3.63709 12.7435 3.4519 12.3878C3.2667 12.032 3.17358 11.6261 3.17358 11.1678C3.17358 10.6175 3.31274 10.1351 3.59105 9.72079C3.86936 9.30646 4.26381 8.9863 4.77335 8.7603C5.28394 8.5343 5.88241 8.42131 6.56877 8.42131C6.87847 8.42131 7.13167 8.44328 7.32942 8.48618V8.29157C7.32942 7.80923 7.24467 7.45349 7.07413 7.22436C6.90358 6.99522 6.64306 6.88118 6.29046 6.88118C5.73384 6.88118 5.36868 7.1846 5.19605 7.7904C5.14687 7.96408 5.04748 8.03837 4.8989 8.01326L3.60047 7.7904C3.52618 7.77784 3.47073 7.74227 3.43306 7.68368C3.39644 7.62508 3.39016 7.54871 3.41423 7.45663C3.58163 6.80061 3.92481 6.29735 4.44377 5.94475C4.96377 5.59216 5.62189 5.41638 6.4202 5.41638C7.35976 5.41638 8.07437 5.67167 8.56299 6.18121C9.0516 6.6918 9.29643 7.43257 9.29643 8.40352V13.0794C9.29643 13.1474 9.27446 13.2049 9.23156 13.2509C9.18866 13.297 9.12902 13.32 9.05474 13.32H7.83059C7.69457 13.32 7.60773 13.2394 7.57111 13.0783L7.38592 12.2057H7.31163C7.14423 12.62 6.8973 12.9402 6.56982 13.1662C6.24233 13.3922 5.85207 13.5052 5.40112 13.5052C4.95017 13.5052 4.57351 13.4079 4.23661 13.2133H4.23556ZM5.45029 11.7433C5.61979 11.941 5.85102 12.0404 6.14189 12.0404C6.5311 12.0404 6.8272 11.8688 7.02809 11.5256C7.22898 11.1824 7.32942 10.6802 7.32942 10.0179V9.5356C7.18085 9.49898 7.01972 9.48014 6.84708 9.48014C6.33963 9.48014 5.93786 9.61302 5.64072 9.87878C5.34357 10.1445 5.195 10.5003 5.195 10.946C5.195 11.2797 5.27975 11.5455 5.45029 11.7443V11.7433Z\" fill=\"black\"><\/path><path d=\"M10.7248 13.3201C10.6506 13.3201 10.592 13.2981 10.548 13.2552C10.5051 13.2123 10.4832 13.1527 10.4832 13.0795V5.84233C10.4832 5.76804 10.5051 5.70945 10.548 5.66655C10.5909 5.62366 10.6506 5.60168 10.7248 5.60168H12.2095C12.3706 5.60168 12.4502 5.68225 12.4502 5.84338V13.0795C12.4502 13.1538 12.4282 13.2123 12.3853 13.2552C12.3424 13.2981 12.2828 13.3201 12.2095 13.3201H10.7248Z\" fill=\"black\"><\/path><path fill-rule=\"evenodd\" clip-rule=\"evenodd\" d=\"M14.5935 4.08912C14.7295 4.22514 14.7274 4.448 14.5893 4.58715L14.4637 4.71271L14.5872 4.83617C14.7232 4.97218 14.7211 5.19504 14.583 5.3342C14.4449 5.47335 14.222 5.4744 14.085 5.33838L13.9615 5.21492L13.836 5.34048C13.6979 5.47858 13.475 5.48068 13.3379 5.34466C13.2009 5.20864 13.204 4.98579 13.3421 4.84663L13.4677 4.72108L13.3442 4.59761C13.2082 4.4616 13.2103 4.23874 13.3484 4.09958C13.4865 3.96043 13.7094 3.95938 13.8464 4.0954L13.9699 4.21886L14.0954 4.09331C14.2335 3.9552 14.4564 3.9531 14.5935 4.08912Z\" fill=\"black\"><\/path><path d=\"M12.0964 2.53817L13.2337 3.12095C13.2724 3.14083 13.2724 3.19524 13.2337 3.21511L12.0964 3.79789L11.5136 4.93625C11.4947 4.97392 11.4403 4.97392 11.4215 4.93625L10.8387 3.79789L9.70037 3.21511C9.6627 3.19628 9.6627 3.14187 9.70037 3.12304L10.8387 2.54026L11.4215 1.40191C11.4414 1.36424 11.4958 1.36424 11.5146 1.40191L12.0974 2.54026L12.0964 2.53817Z\" fill=\"black\"><\/path><\/g><defs><clippath id=\"clip0_1566_10942\"><rect width=\"17\" height=\"17.3976\" fill=\"white\" transform=\"translate(0.0588379 0.301147)\"><\/rect><\/clippath><\/defs><\/svg><\/span><span id=\"summary-disclaimer-title\" aria-hidden=\"true\">AI Generated from the text of customer reviews<\/span><span id=\"ai-icon-right\" class=\"_Y3Itc_ai-icon-right_2svOG\" aria-hidden=\"true\"><svg class=\"_Y3Itc_ai-branding-icon_1_-VZ\" width=\"18\" height=\"18\" viewbox=\"0 0 18 18\" fill=\"none\" xmlns=\"http:\/\/www.w3.org\/2000\/svg\" aria-hidden=\"true\"><g clip-path=\"url(#clip0_1566_10942)\"><path d=\"M0.371705 14.3508C0.224179 14.1666 0.125828 14.0066 0.0829307 13.8779C0.0274777 13.7063 0.076653 13.6132 0.132106 13.5703C0.24929 13.4782 0.42088 13.5399 0.722209 13.7795C2.90999 15.5435 5.79773 16.2132 8.49504 16.2132C10.8858 16.2132 13.1343 15.6848 14.597 14.9168C14.8428 14.7881 15.0458 14.6835 15.1808 14.8247C15.2237 14.8739 15.2488 14.9231 15.2488 14.9848C15.2488 15.1324 15.1076 15.3228 14.8376 15.5624C13.264 16.9267 10.7885 17.701 8.22615 17.701C5.29551 17.701 2.2592 16.6809 0.372751 14.3518L0.371705 14.3508Z\" fill=\"black\"><\/path><path d=\"M14.2347 14.2212C13.9585 14.2766 13.7796 14.2766 13.7189 14.1354C13.6331 13.9387 13.8905 13.7671 14.174 13.6133C14.6292 13.3737 15.1387 13.245 15.6545 13.245C16.1704 13.245 16.7971 13.3988 16.9634 13.6384C17.135 13.8906 17.0555 14.5476 16.8902 15.0153C16.7238 15.5008 16.4236 15.9308 16.0364 16.2688C15.8586 16.4351 15.6681 16.5826 15.5206 16.5826C15.4714 16.5826 15.4348 16.5638 15.3982 16.5272C15.2758 16.41 15.3365 16.2572 15.484 16.0114C15.8837 15.3721 16.2216 14.4995 16.0678 14.2724C15.9077 14.0517 14.9745 14.0632 14.2368 14.2233L14.2347 14.2212Z\" fill=\"black\"><\/path><path d=\"M4.23556 13.2133C3.89866 13.0187 3.63709 12.7435 3.4519 12.3878C3.2667 12.032 3.17358 11.6261 3.17358 11.1678C3.17358 10.6175 3.31274 10.1351 3.59105 9.72079C3.86936 9.30646 4.26381 8.9863 4.77335 8.7603C5.28394 8.5343 5.88241 8.42131 6.56877 8.42131C6.87847 8.42131 7.13167 8.44328 7.32942 8.48618V8.29157C7.32942 7.80923 7.24467 7.45349 7.07413 7.22436C6.90358 6.99522 6.64306 6.88118 6.29046 6.88118C5.73384 6.88118 5.36868 7.1846 5.19605 7.7904C5.14687 7.96408 5.04748 8.03837 4.8989 8.01326L3.60047 7.7904C3.52618 7.77784 3.47073 7.74227 3.43306 7.68368C3.39644 7.62508 3.39016 7.54871 3.41423 7.45663C3.58163 6.80061 3.92481 6.29735 4.44377 5.94475C4.96377 5.59216 5.62189 5.41638 6.4202 5.41638C7.35976 5.41638 8.07437 5.67167 8.56299 6.18121C9.0516 6.6918 9.29643 7.43257 9.29643 8.40352V13.0794C9.29643 13.1474 9.27446 13.2049 9.23156 13.2509C9.18866 13.297 9.12902 13.32 9.05474 13.32H7.83059C7.69457 13.32 7.60773 13.2394 7.57111 13.0783L7.38592 12.2057H7.31163C7.14423 12.62 6.8973 12.9402 6.56982 13.1662C6.24233 13.3922 5.85207 13.5052 5.40112 13.5052C4.95017 13.5052 4.57351 13.4079 4.23661 13.2133H4.23556ZM5.45029 11.7433C5.61979 11.941 5.85102 12.0404 6.14189 12.0404C6.5311 12.0404 6.8272 11.8688 7.02809 11.5256C7.22898 11.1824 7.32942 10.6802 7.32942 10.0179V9.5356C7.18085 9.49898 7.01972 9.48014 6.84708 9.48014C6.33963 9.48014 5.93786 9.61302 5.64072 9.87878C5.34357 10.1445 5.195 10.5003 5.195 10.946C5.195 11.2797 5.27975 11.5455 5.45029 11.7443V11.7433Z\" fill=\"black\"><\/path><path d=\"M10.7248 13.3201C10.6506 13.3201 10.592 13.2981 10.548 13.2552C10.5051 13.2123 10.4832 13.1527 10.4832 13.0795V5.84233C10.4832 5.76804 10.5051 5.70945 10.548 5.66655C10.5909 5.62366 10.6506 5.60168 10.7248 5.60168H12.2095C12.3706 5.60168 12.4502 5.68225 12.4502 5.84338V13.0795C12.4502 13.1538 12.4282 13.2123 12.3853 13.2552C12.3424 13.2981 12.2828 13.3201 12.2095 13.3201H10.7248Z\" fill=\"black\"><\/path><path fill-rule=\"evenodd\" clip-rule=\"evenodd\" d=\"M14.5935 4.08912C14.7295 4.22514 14.7274 4.448 14.5893 4.58715L14.4637 4.71271L14.5872 4.83617C14.7232 4.97218 14.7211 5.19504 14.583 5.3342C14.4449 5.47335 14.222 5.4744 14.085 5.33838L13.9615 5.21492L13.836 5.34048C13.6979 5.47858 13.475 5.48068 13.3379 5.34466C13.2009 5.20864 13.204 4.98579 13.3421 4.84663L13.4677 4.72108L13.3442 4.59761C13.2082 4.4616 13.2103 4.23874 13.3484 4.09958C13.4865 3.96043 13.7094 3.95938 13.8464 4.0954L13.9699 4.21886L14.0954 4.09331C14.2335 3.9552 14.4564 3.9531 14.5935 4.08912Z\" fill=\"black\"><\/path><path d=\"M12.0964 2.53817L13.2337 3.12095C13.2724 3.14083 13.2724 3.19524 13.2337 3.21511L12.0964 3.79789L11.5136 4.93625C11.4947 4.97392 11.4403 4.97392 11.4215 4.93625L10.8387 3.79789L9.70037 3.21511C9.6627 3.19628 9.6627 3.14187 9.70037 3.12304L10.8387 2.54026L11.4215 1.40191C11.4414 1.36424 11.4958 1.36424 11.5146 1.40191L12.0974 2.54026L12.0964 2.53817Z\" fill=\"black\"><\/path><\/g><defs><clippath id=\"clip0_1566_10942\"><rect width=\"17\" height=\"17.3976\" fill=\"white\" transform=\"translate(0.0588379 0.301147)\"><\/rect><\/clippath><\/defs><\/svg><\/span><\/p>\n<\/div>\n\n","protected":false},"excerpt":{"rendered":"<p> Nicht alle Hoodies sind gleich. Jobsite oder Wochenende, dieser schwere Carhartt Hoodie f\u00fcr Damen ist f\u00fcr robuste W\u00e4rme gebaut. Die dicke Baumwollmischung ist innen weich und gem\u00fctlich. Seine entspannte Passform erm\u00f6glicht Schichtung und einfache Bewegung. 10. 142 g, 73 % Baumwolle, 27 % Polyester. Relaxed Fit Angen\u00e4hte dreiteilige Kapuze mit [&hellip;]<\/p>\n","protected":false},"featured_media":28077,"comment_status":"open","ping_status":"closed","template":"","meta":{"_gspb_post_css":""},"store":[],"product_brand":[],"product_cat":[42],"product_tag":[109],"class_list":{"0":"post-28076","1":"product","2":"type-product","3":"status-publish","4":"has-post-thumbnail","6":"product_cat-hoodies-sweatshirts","7":"product_tag-women-hoodies-sweatshirts","9":"first","10":"instock","11":"shipping-taxable","12":"product-type-external"},"_links":{"self":[{"href":"https:\/\/megamartspot.shop\/index.php?rest_route=\/wp\/v2\/product\/28076","targetHints":{"allow":["GET"]}}],"collection":[{"href":"https:\/\/megamartspot.shop\/index.php?rest_route=\/wp\/v2\/product"}],"about":[{"href":"https:\/\/megamartspot.shop\/index.php?rest_route=\/wp\/v2\/types\/product"}],"replies":[{"embeddable":true,"href":"https:\/\/megamartspot.shop\/index.php?rest_route=%2Fwp%2Fv2%2Fcomments&post=28076"}],"wp:featuredmedia":[{"embeddable":true,"href":"https:\/\/megamartspot.shop\/index.php?rest_route=\/wp\/v2\/media\/28077"}],"wp:attachment":[{"href":"https:\/\/megamartspot.shop\/index.php?rest_route=%2Fwp%2Fv2%2Fmedia&parent=28076"}],"wp:term":[{"taxonomy":"store","embeddable":true,"href":"https:\/\/megamartspot.shop\/index.php?rest_route=%2Fwp%2Fv2%2Fstore&post=28076"},{"taxonomy":"product_brand","embeddable":true,"href":"https:\/\/megamartspot.shop\/index.php?rest_route=%2Fwp%2Fv2%2Fproduct_brand&post=28076"},{"taxonomy":"product_cat","embeddable":true,"href":"https:\/\/megamartspot.shop\/index.php?rest_route=%2Fwp%2Fv2%2Fproduct_cat&post=28076"},{"taxonomy":"product_tag","embeddable":true,"href":"https:\/\/megamartspot.shop\/index.php?rest_route=%2Fwp%2Fv2%2Fproduct_tag&post=28076"}],"curies":[{"name":"wp","href":"https:\/\/api.w.org\/{rel}","templated":true}]}}